{"id":32,"date":"2018-09-09T16:46:22","date_gmt":"2018-09-09T14:46:22","guid":{"rendered":"http:\/\/www.nahetv.de\/?page_id=32"},"modified":"2018-11-16T16:17:40","modified_gmt":"2018-11-16T15:17:40","slug":"team","status":"publish","type":"page","link":"https:\/\/www.nahetv.de\/?page_id=32","title":{"rendered":"Vorstand"},"content":{"rendered":"<p>Der Vorstand ist f\u00fcr die Verwaltung unseres Tr\u00e4gervereins zust\u00e4ndig und setzt sich aus den folgenden Personen zusammen:<\/p>\n<div id=\"awsm-team-150\" class=\"awsm-grid-wrapper\">\n\t\t\t<div class=\"awsm-grid cards-style style-1 grid-2-col \">\n\t\t\t\t\t\t<div id=\"awsm-member-150-155\" class=\"awsm-grid-card\">\n\t\t\t\t   <figure>\n\t\t\t\t\t\t<img loading=\"lazy\" decoding=\"async\" width=\"500\" height=\"500\" src=\"https:\/\/www.nahetv.de\/wp-content\/uploads\/2018\/09\/Dummy-500x500.png\" class=\"attachment-awsm_team size-awsm_team wp-post-image\" alt=\"\" srcset=\"https:\/\/www.nahetv.de\/wp-content\/uploads\/2018\/09\/Dummy-500x500.png 500w, https:\/\/www.nahetv.de\/wp-content\/uploads\/2018\/09\/Dummy-150x150.png 150w\" sizes=\"(max-width: 500px) 100vw, 500px\" \/>\t\t\t\t\t\t <figcaption class=\"awsm-figcaption\">\n\t\t\t\t\t\t\t<div class=\"awsm-personal-info\"><h3>Edgar Conrad<\/h3><span>Stellv. Vorsitzender<\/span><\/div>\t\t\t\t\t\t\t<div class=\"awsm-contact-info\">\n\t\t\t\t\t\t\t\t<div class=\"awsm-social-icons\"><span><a href=\"mailto:e.conrad@nahetv.de\"><i class=\"awsm-icon-mail\" aria-hidden=\"true\"><\/i><\/a><\/span><\/div>\t\t\t\t\t\t\t<\/div> <!-- .awsm-contact-info -->\n\t\t\t\t\t\t\t\t\t\t\t\t\t <\/figcaption>\n\t\t\t\t\t  <!-- <\/span> -->\n\t\t\t\t   <\/figure>\n\t\t\t\t<\/div>\n\t\t\t\t\t\t\t<div id=\"awsm-member-150-152\" class=\"awsm-grid-card\">\n\t\t\t\t   <figure>\n\t\t\t\t\t\t<img loading=\"lazy\" decoding=\"async\" width=\"500\" height=\"500\" src=\"https:\/\/www.nahetv.de\/wp-content\/uploads\/2018\/09\/Stefan-500x500.png\" class=\"attachment-awsm_team size-awsm_team wp-post-image\" alt=\"\" srcset=\"https:\/\/www.nahetv.de\/wp-content\/uploads\/2018\/09\/Stefan-500x500.png 500w, https:\/\/www.nahetv.de\/wp-content\/uploads\/2018\/09\/Stefan-150x150.png 150w\" sizes=\"(max-width: 500px) 100vw, 500px\" \/>\t\t\t\t\t\t <figcaption class=\"awsm-figcaption\">\n\t\t\t\t\t\t\t<div class=\"awsm-personal-info\"><h3>Stefan Hoffmann<\/h3><span>Schatzmeister<\/span><\/div>\t\t\t\t\t\t\t<div class=\"awsm-contact-info\">\n\t\t\t\t\t\t\t\t<div class=\"awsm-social-icons\"><span><a href=\"mailto:s.hoffmann@nahetv.de\"><i class=\"awsm-icon-mail\" aria-hidden=\"true\"><\/i><\/a><\/span><\/div>\t\t\t\t\t\t\t<\/div> <!-- .awsm-contact-info -->\n\t\t\t\t\t\t\t\t\t\t\t\t\t <\/figcaption>\n\t\t\t\t\t  <!-- <\/span> -->\n\t\t\t\t   <\/figure>\n\t\t\t\t<\/div>\n\t\t\t\t\t\t\t<div id=\"awsm-member-150-3648\" class=\"awsm-grid-card\">\n\t\t\t\t   <figure>\n\t\t\t\t\t\t<img loading=\"lazy\" decoding=\"async\" width=\"500\" height=\"500\" src=\"https:\/\/www.nahetv.de\/wp-content\/uploads\/2019\/08\/InkaBecker_Vkarte1-500x500.jpg\" class=\"attachment-awsm_team size-awsm_team wp-post-image\" alt=\"\" srcset=\"https:\/\/www.nahetv.de\/wp-content\/uploads\/2019\/08\/InkaBecker_Vkarte1-500x500.jpg 500w, https:\/\/www.nahetv.de\/wp-content\/uploads\/2019\/08\/InkaBecker_Vkarte1-150x150.jpg 150w\" sizes=\"(max-width: 500px) 100vw, 500px\" \/>\t\t\t\t\t\t <figcaption class=\"awsm-figcaption\">\n\t\t\t\t\t\t\t<div class=\"awsm-personal-info\"><h3>Inka Becker<\/h3><span>Schriftf\u00fchrerin<\/span><\/div>\t\t\t\t\t\t\t<div class=\"awsm-contact-info\">\n\t\t\t\t\t\t\t\t<div class=\"awsm-social-icons\"><span><a href=\"https:\/\/www.facebook.com\/nahetvkh\" target=\"_blank\"><i class=\"awsm-icon-link\" aria-hidden=\"true\"><\/i><\/a><\/span><span><a href=\"mailto:i.becker@nahetv.de\" target=\"_blank\"><i class=\"awsm-icon-mail\" aria-hidden=\"true\"><\/i><\/a><\/span><\/div>\t\t\t\t\t\t\t<\/div> <!-- .awsm-contact-info -->\n\t\t\t\t\t\t\t\t\t\t\t\t\t <\/figcaption>\n\t\t\t\t\t  <!-- <\/span> -->\n\t\t\t\t   <\/figure>\n\t\t\t\t<\/div>\n\t\t\t\t\t\t\t<div id=\"awsm-member-150-154\" class=\"awsm-grid-card\">\n\t\t\t\t   <figure>\n\t\t\t\t\t\t<img loading=\"lazy\" decoding=\"async\" width=\"500\" height=\"500\" src=\"https:\/\/www.nahetv.de\/wp-content\/uploads\/2018\/09\/Dirk_Webseite-500x500.jpg\" class=\"attachment-awsm_team size-awsm_team wp-post-image\" alt=\"\" srcset=\"https:\/\/www.nahetv.de\/wp-content\/uploads\/2018\/09\/Dirk_Webseite-500x500.jpg 500w, https:\/\/www.nahetv.de\/wp-content\/uploads\/2018\/09\/Dirk_Webseite-150x150.jpg 150w\" sizes=\"(max-width: 500px) 100vw, 500px\" \/>\t\t\t\t\t\t <figcaption class=\"awsm-figcaption\">\n\t\t\t\t\t\t\t<div class=\"awsm-personal-info\"><h3>Dirk Hofmann<\/h3><span>Beisitzer<\/span><\/div>\t\t\t\t\t\t\t<div class=\"awsm-contact-info\">\n\t\t\t\t\t\t\t\t<div class=\"awsm-social-icons\"><span><a href=\"mailto:d.hofmann@nahetv.de\" target=\"_blank\"><i class=\"awsm-icon-mail\" aria-hidden=\"true\"><\/i><\/a><\/span><\/div>\t\t\t\t\t\t\t<\/div> <!-- .awsm-contact-info -->\n\t\t\t\t\t\t\t\t\t\t\t\t\t <\/figcaption>\n\t\t\t\t\t  <!-- <\/span> -->\n\t\t\t\t   <\/figure>\n\t\t\t\t<\/div>\n\t\t\t\t\t\t\t<div id=\"awsm-member-150-3896\" class=\"awsm-grid-card\">\n\t\t\t\t   <figure>\n\t\t\t\t\t\t<img loading=\"lazy\" decoding=\"async\" width=\"500\" height=\"500\" src=\"https:\/\/www.nahetv.de\/wp-content\/uploads\/2022\/10\/de_kron-500x500.jpg\" class=\"attachment-awsm_team size-awsm_team wp-post-image\" alt=\"\" srcset=\"https:\/\/www.nahetv.de\/wp-content\/uploads\/2022\/10\/de_kron-500x500.jpg 500w, https:\/\/www.nahetv.de\/wp-content\/uploads\/2022\/10\/de_kron-150x150.jpg 150w\" sizes=\"(max-width: 500px) 100vw, 500px\" \/>\t\t\t\t\t\t <figcaption class=\"awsm-figcaption\">\n\t\t\t\t\t\t\t<div class=\"awsm-personal-info\"><h3>Gerhard Kron<\/h3><span>Beisitzer<\/span><\/div>\t\t\t\t\t\t\t<div class=\"awsm-contact-info\">\n\t\t\t\t\t\t\t\t<div class=\"awsm-social-icons\"><span><a href=\"https:\/\/www.facebook.com\/nahetvkh\" target=\"_blank\"><i class=\"awsm-icon-link\" aria-hidden=\"true\"><\/i><\/a><\/span><span><a href=\"mailto:g.kron@nahetv.de\" target=\"_blank\"><i class=\"awsm-icon-mail\" aria-hidden=\"true\"><\/i><\/a><\/span><\/div>\t\t\t\t\t\t\t<\/div> <!-- .awsm-contact-info -->\n\t\t\t\t\t\t\t\t\t\t\t\t\t <\/figcaption>\n\t\t\t\t\t  <!-- <\/span> -->\n\t\t\t\t   <\/figure>\n\t\t\t\t<\/div>\n\t\t\t\t\t<\/div><!-- .grid -->\n\t\t<\/div>\n\n\n\n<p><\/p>\n","protected":false},"excerpt":{"rendered":"<p>Der Vorstand ist f\u00fcr die Verwaltung unseres Tr\u00e4gervereins zust\u00e4ndig und setzt sich aus den folgenden Personen zusammen:<\/p>\n","protected":false},"author":2,"featured_media":0,"parent":0,"menu_order":0,"comment_status":"closed","ping_status":"closed","template":"","meta":{"saved_in_kubio":false,"_EventAllDay":false,"_EventTimezone":"","_EventStartDate":"","_EventEndDate":"","_EventStartDateUTC":"","_EventEndDateUTC":"","_EventShowMap":false,"_EventShowMapLink":false,"_EventURL":"","_EventCost":"","_EventCostDescription":"","_EventCurrencySymbol":"","_EventCurrencyCode":"","_EventCurrencyPosition":"","_EventDateTimeSeparator":"","_EventTimeRangeSeparator":"","_EventOrganizerID":[],"_EventVenueID":[],"_OrganizerEmail":"","_OrganizerPhone":"","_OrganizerWebsite":"","_VenueAddress":"","_VenueCity":"","_VenueCountry":"","_VenueProvince":"","_VenueState":"","_VenueZip":"","_VenuePhone":"","_VenueURL":"","_VenueStateProvince":"","_VenueLat":"","_VenueLng":"","_VenueShowMap":false,"_VenueShowMapLink":false,"footnotes":""},"class_list":["post-32","page","type-page","status-publish","hentry"],"kubio_ai_page_context":{"short_desc":"","purpose":"general"},"_links":{"self":[{"href":"https:\/\/www.nahetv.de\/index.php?rest_route=\/wp\/v2\/pages\/32","targetHints":{"allow":["GET"]}}],"collection":[{"href":"https:\/\/www.nahetv.de\/index.php?rest_route=\/wp\/v2\/pages"}],"about":[{"href":"https:\/\/www.nahetv.de\/index.php?rest_route=\/wp\/v2\/types\/page"}],"author":[{"embeddable":true,"href":"https:\/\/www.nahetv.de\/index.php?rest_route=\/wp\/v2\/users\/2"}],"replies":[{"embeddable":true,"href":"https:\/\/www.nahetv.de\/index.php?rest_route=%2Fwp%2Fv2%2Fcomments&post=32"}],"version-history":[{"count":8,"href":"https:\/\/www.nahetv.de\/index.php?rest_route=\/wp\/v2\/pages\/32\/revisions"}],"predecessor-version":[{"id":3897,"href":"https:\/\/www.nahetv.de\/index.php?rest_route=\/wp\/v2\/pages\/32\/revisions\/3897"}],"wp:attachment":[{"href":"https:\/\/www.nahetv.de\/index.php?rest_route=%2Fwp%2Fv2%2Fmedia&parent=32"}],"curies":[{"name":"wp","href":"https:\/\/api.w.org\/{rel}","templated":true}]}}