{"id":28,"date":"2018-09-09T16:33:23","date_gmt":"2018-09-09T14:33:23","guid":{"rendered":"http:\/\/www.nahetv.de\/?page_id=28"},"modified":"2022-11-09T01:11:50","modified_gmt":"2022-11-09T00:11:50","slug":"livestream","status":"publish","type":"page","link":"https:\/\/www.nahetv.de\/?page_id=28","title":{"rendered":"Livestream"},"content":{"rendered":"\n<p>Du hast keinen Kabelanschluss oder bist in der Welt unterwegs?<br>Hier kannst Du immer und \u00fcberall sehen, was gerade l\u00e4uft!\n<!DOCTYPE html>\n<html lang=\"de\">\n    <meta charset=\"utf-8\" \/>\n    <title><\/title>\n    <!--\n    \n    <link href=\".\/player\/player.css\" rel=\"stylesheet\"> \n    -->\n    <link\n        rel=\"stylesheet\"\n        id=\"videojs-css\"\n        href=\"\/\/vjs.zencdn.net\/5.13.1\/video-js.css?ver=4.9.7\"\n        type=\"text\/css\"\n        media=\"all\"\n    \/>\n    <script\n        type=\"text\/javascript\"\n        src=\"https:\/\/ok54.de\/wp-includes\/js\/jquery\/jquery.js?ver=1.12.4\"\n    ><\/script>\n    <script\n        type=\"text\/javascript\"\n        src=\"https:\/\/vjs.zencdn.net\/5.13.1\/video-js.css?ver=4.9.7\"\n    ><\/script>\n    <script\n        type=\"text\/javascript\"\n        src=\"https:\/\/vjs.zencdn.net\/ie8\/1.1.2\/videojs-ie8.min.js?ver=4.9.7\"\n    ><\/script>\n    <script\n        type=\"text\/javascript\"\n        src=\"https:\/\/vjs.zencdn.net\/5.13.1\/video.js?ver=4.9.7\"\n    ><\/script>\n    <script\n        type=\"text\/javascript\"\n        src=\"https:\/\/cdnjs.cloudflare.com\/ajax\/libs\/videojs-contrib-hls\/3.6.14\/videojs-contrib-hls.min.js?ver=4.9.7\"\n    ><\/script>\n    <body>\n        <div style=\"max-width: 768px;\">\n            <div class=\"video-wrapper\" style=\"padding-bottom: 56.25%;\">\n                <video\n                    id=\"example_video_id_97940622\"\n                    class=\"video-js vjs-default-skin\"\n                    style=\"max-width: 100%; max-height: 100%;\"\n                    width=\"768\"\n                    height=\"432\"\n                    controls\n                    preload=\"auto\"\n                    autoplay\n                    loop\n                    data-setup=\"[]\"\n                >\n                    <source\n                        src=\"https:\/\/s.ok54.de\/nahetv\/webstream\/playlist.m3u8\"\n                        type=\"application\/x-mpegurl\"\n                    \/>\n                <\/video>\n            <\/div>\n        <\/div>\n    <\/body>\n<\/html>\n\n\n\n<hr class=\"wp-block-separator has-css-opacity\"\/>\n\n\n\n<h2 class=\"wp-block-heading\">Programm<\/h2>\n\n\n\n<a href=\"https:\/\/ok-nahetv.de\/programm\/programm.php\" onclick=\"window.open('https:\/\/ok-nahetv.de\/programm\/programm.php','Fenster1','width=600,height=500,left=0,top=0'); return false;\">Programm\u00fcbersicht<\/a>\n\n\n\n<hr class=\"wp-block-separator has-css-opacity\"\/>\n\n\n\n<h2 class=\"wp-block-heading\">Sendeschema<\/h2>\n\n\n\n<figure class=\"wp-block-image\"><img loading=\"lazy\" decoding=\"async\" width=\"500\" height=\"678\" src=\"http:\/\/www.nahetv.de\/wp-content\/uploads\/2019\/09\/Sendeschema_v130805-1.png\" alt=\"\" class=\"wp-image-3652\" srcset=\"https:\/\/www.nahetv.de\/wp-content\/uploads\/2019\/09\/Sendeschema_v130805-1.png 500w, https:\/\/www.nahetv.de\/wp-content\/uploads\/2019\/09\/Sendeschema_v130805-1-221x300.png 221w\" sizes=\"(max-width: 500px) 100vw, 500px\" \/><figcaption><strong>Sendeschema naheTV<\/strong><\/figcaption><\/figure>\n\n\n\n<hr class=\"wp-block-separator has-css-opacity\"\/>\n","protected":false},"excerpt":{"rendered":"<p>Du hast keinen Kabelanschluss oder bist in der Welt unterwegs?Hier kannst Du immer und \u00fcberall sehen, was gerade l\u00e4uft! Programm Programm\u00fcbersicht Sendeschema<\/p>\n","protected":false},"author":2,"featured_media":0,"parent":0,"menu_order":0,"comment_status":"closed","ping_status":"closed","template":"","meta":{"saved_in_kubio":false,"_EventAllDay":false,"_EventTimezone":"","_EventStartDate":"","_EventEndDate":"","_EventStartDateUTC":"","_EventEndDateUTC":"","_EventShowMap":false,"_EventShowMapLink":false,"_EventURL":"","_EventCost":"","_EventCostDescription":"","_EventCurrencySymbol":"","_EventCurrencyCode":"","_EventCurrencyPosition":"","_EventDateTimeSeparator":"","_EventTimeRangeSeparator":"","_EventOrganizerID":[],"_EventVenueID":[],"_OrganizerEmail":"","_OrganizerPhone":"","_OrganizerWebsite":"","_VenueAddress":"","_VenueCity":"","_VenueCountry":"","_VenueProvince":"","_VenueState":"","_VenueZip":"","_VenuePhone":"","_VenueURL":"","_VenueStateProvince":"","_VenueLat":"","_VenueLng":"","_VenueShowMap":false,"_VenueShowMapLink":false,"footnotes":""},"class_list":["post-28","page","type-page","status-publish","hentry"],"kubio_ai_page_context":{"short_desc":"","purpose":"general"},"_links":{"self":[{"href":"https:\/\/www.nahetv.de\/index.php?rest_route=\/wp\/v2\/pages\/28","targetHints":{"allow":["GET"]}}],"collection":[{"href":"https:\/\/www.nahetv.de\/index.php?rest_route=\/wp\/v2\/pages"}],"about":[{"href":"https:\/\/www.nahetv.de\/index.php?rest_route=\/wp\/v2\/types\/page"}],"author":[{"embeddable":true,"href":"https:\/\/www.nahetv.de\/index.php?rest_route=\/wp\/v2\/users\/2"}],"replies":[{"embeddable":true,"href":"https:\/\/www.nahetv.de\/index.php?rest_route=%2Fwp%2Fv2%2Fcomments&post=28"}],"version-history":[{"count":125,"href":"https:\/\/www.nahetv.de\/index.php?rest_route=\/wp\/v2\/pages\/28\/revisions"}],"predecessor-version":[{"id":4324,"href":"https:\/\/www.nahetv.de\/index.php?rest_route=\/wp\/v2\/pages\/28\/revisions\/4324"}],"wp:attachment":[{"href":"https:\/\/www.nahetv.de\/index.php?rest_route=%2Fwp%2Fv2%2Fmedia&parent=28"}],"curies":[{"name":"wp","href":"https:\/\/api.w.org\/{rel}","templated":true}]}}