{"id":13,"date":"2018-09-09T16:05:24","date_gmt":"2018-09-09T14:05:24","guid":{"rendered":"http:\/\/www.nahetv.de\/?page_id=13"},"modified":"2022-11-03T16:25:45","modified_gmt":"2022-11-03T15:25:45","slug":"datenschutzerklaerung","status":"publish","type":"page","link":"https:\/\/www.nahetv.de\/?page_id=13","title":{"rendered":"Datenschutzerkl\u00e4rung"},"content":{"rendered":"<p>Stand: 25. Mai 2018<\/p>\n<p><strong>Anbieter<\/strong><\/p>\n<p>Dieses Internet-Angebot wird von dem gemeinn\u00fctzigen Verein<\/p>\n<ul>\n<li>Offener Kanal Bad Kreuznach e.V.\u00a0 \u2013\u00a0 Mannheimer Stra\u00dfe 82\u00a0 \u2013\u00a0 55545 Bad Kreuznach<\/li>\n<li>Telefon: 0671-4836767\u00a0 \u2013\u00a0 www.nahetv.de\u00a0 \u2013\u00a0\u00a0info @ nahe.tv<\/li>\n<\/ul>\n<p>als Verantwortlichem i.S.d. der DS-GVO, BDSG und LDSG RLP bereitgestellt.<\/p>\n<p><strong>Geltungsbereich<br \/>\n<\/strong>Diese Datenschutzerkl\u00e4rung gilt f\u00fcr das Internet-Angebot www.nahetv.de der B\u00fcrgermedien-Sendeplattform naheTV und die dort angebotenen eigenen Inhalte. F\u00fcr Inhalte anderer Anbieter, auf die beispielsweise \u00fcber Links verwiesen wird, gelten die dortigen Bestimmungen.<\/p>\n<p><strong>Weiterleitung zu einem anderen Anbieter<\/strong><\/p>\n<p>Soweit aus unserem Angebot zu Inhalten anderer Anbieter verlinkt wird, ist dies anhand eines entsprechenden Symbols (K\u00e4stchen mit nach au\u00dfen weisendem Pfeil) oder eines Texthinweises erkennbar. Die Nutzung dieser Angebote unterliegt gegebenenfalls anderen Bedingungen als in dieser Datenschutzerkl\u00e4rung beschrieben.<\/p>\n<p><strong>Bei der Technik haben wir Hilfe<\/strong><\/p>\n<p>Dieses Internet-Angebot wird technisch von goneo als Dienstleister betrieben. Die dortige Verarbeitung erfolgt in unserem Auftrag und nach unseren Vorgaben entsprechend Art. 28 DS-GVO. Die redaktionelle Verantwortung liegt beim naheTV.<\/p>\n<h4>Wir wollen wissen, wer unser Angebot st\u00f6rt oder angreift<\/h4>\n<p>Im Rahmen eines Zugriffs auf unser Angebot werden folgende Angaben erfasst:<\/p>\n<ul>\n<li>IP-Adresse des Computers, von dem die Anfrage abgeschickt wurde,<\/li>\n<li>Browser-Informationen (genutzter Web-Browser, Betriebssystem, Spracheinstellung, etc.),<\/li>\n<li>Angaben \u00fcber den genutzten Serverdienst,<\/li>\n<li>Protokollversion,<\/li>\n<li>Name der abgerufenen Datei bzw. Angebotsseite (URL),<\/li>\n<li>Datum und Uhrzeit des Zugriffs,<\/li>\n<li>\u00fcbertragene Datenmengen,<\/li>\n<li>Statusangaben (z.B. Fehlermeldungen).<\/li>\n<\/ul>\n<p>Diese sind zun\u00e4chst erforderlich, um eine ordnungsgem\u00e4\u00dfe Auslieferung der Website zu erm\u00f6glichen. Zum Schutz vor Angriffen und zur Sicherstellung eines ordnungsgem\u00e4\u00dfen Betriebs werden die Zugriffe auf unser Internet-Angebot dar\u00fcber hinaus auf dem Sicherheitssystem unseres technischen Dienstleisters automatisiert auf m\u00f6gliche Risiken hin analysiert und mit der vollst\u00e4ndigen IP-Adresse zugriffsgesch\u00fctzt f\u00fcr die Dauer von 30 Tagen gespeichert und danach gel\u00f6scht. Im Fall einer dar\u00fcber hinausgehenden Verfolgung von Angriffen und St\u00f6rungen werden die Daten aus dem Zugriff bis zum Abschluss des jeweiligen Verfahrens gespeichert.<\/p>\n<p>Die Erfassung und Speicherung der Daten ist f\u00fcr den ordnungsgem\u00e4\u00dfen Betrieb unseres Internet-Angebots erforderlich. Es besteht daher seitens der Nutzer keine Widerspruchsm\u00f6glichkeit.<\/p>\n<p>Die Verarbeitung dieser Daten erfolgt auf der Grundlage von Art. 6 Abs. 1 Buchstabe e, Abs. 2, Abs. 3 Buchstabe b DS-GVO i.V.m. \u00a7 3 Landesdatenschutzgesetz Rheinland-Pfalz (LDSG). Soweit die Daten im Auftrag von OK4 verarbeitet werden, erfolgt die Verarbeitung auf der Grundlage von Art. 6 Abs. 1 Buchstabe e, Abs. 2, Abs. 3 Buchstabe b DS-GVO i.V.m. \u00a7 3 LDSG und Art. 57 Abs. 1 Buchstabe b und d DS-GVO.<\/p>\n<p>Wir werden nur bei rechtswidrigen Angriffen versuchen herauszufinden, welche Person hinter einer IP-Adresse steht. Ansonsten bleibt diese Information f\u00fcr uns verborgen und wir versuchen nicht, die Identit\u00e4t des Inhabers einer IP-Adresse zu ermitteln.<\/p>\n<p><strong>Cookies, Reichweitenanalyse &amp; Tracking<br \/>\n<\/strong><\/p>\n<p>Im Rahmen des f\u00fcr die Bereitstellung des Angebots genutzten Content Management Systems kommen sogenannte \u201eSession-Cookies\u201c zum Einsatz; diese sind erforderlich, um bestimmte Inhalte in der gew\u00fcnschten Art und Weise bereit zu stellen. Diese Session-Cookies werden nach dem Schlie\u00dfen Ihres Browser gel\u00f6scht.<\/p>\n<p>Bei der Nutzung fremder Inhalte \u00fcber <a class=\"internal-link\" href=\"http:\/\/www.ok4.tv\/\" target=\"_self\" rel=\"noopener\">www.ok4.tv<\/a> z.B. im Fall einer Verlinkung k\u00f6nnen gegebenenfalls Cookies von Drittanbietern zum Einsatz kommen, ohne dass wir Sie ausdr\u00fccklich darauf hinweisen k\u00f6nnen. Die g\u00e4ngigen Browser erlauben es, die Verarbeitung solcher Cookies festzulegen, so dass Sie das Speichern dieser Cookies deaktivieren bzw. die Art der Verarbeitung durch Ihren Browser einstellen oder diese Cookies l\u00f6schen k\u00f6nnen.<\/p>\n<p>Das Internet-Angebot von OK4 verwendet keine Mechanismen, mit denen Besucher der Seite wiedererkannt oder \u00fcber Webseiten- oder Ger\u00e4tegrenzen hinweg verfolgt werden k\u00f6nnen (Tracking).<\/p>\n<p><strong>Social Plugins<br \/>\n<\/strong><\/p>\n<p>Dieses Angebot verwendet keine Mechanismen, mit denen beim Besuch unseres Angebots automatisch Informationen an die Anbieter von Social Media-Diensten flie\u00dfen (Social Plugins).<\/p>\n<p>Etwaige Weiterleitungen zu Anbietern von Social Media-Diensten wie Youtube, Facebook etc. erfolgen ausschlie\u00dflich via Link, so dass Daten \u00fcber Ihren Besuch auf unserem Angebot (z.B. IP-Adresse, Zeitpunkt, URL) oder auf Ihrem Endger\u00e4t vorhandenen Daten (z.B. Cookie-Informationen) an die jeweiligen Anbieter erst bei einer bewussten Nutzung des Links \u00fcbertragen werden.<\/p>\n<p><strong>Nutzung des Angebots ohne JavaScript<br \/>\n<\/strong>Wenn Sie in Ihrem Browser JavaScript deaktiviert haben, k\u00f6nnen Sie bestimmte Inhalte nicht nutzen (z.B. Videos). \u00dcber Erweiterungen wie etwa NoScript k\u00f6nnen Sie JavaScript f\u00fcr bestimmte Seiten (z.B. www.ok4.tv) zulassen.<\/p>\n<p><strong>Daten, die wir von Ihnen erfragen<br \/>\n<\/strong><\/p>\n<p>Wir verarbeiten personenbezogene Daten im Rahmen dieses Internet-Angebots nur, soweit dies zur Bereitstellung einer funktionsf\u00e4higen Website sowie unserer Inhalte und Leistungen erforderlich ist.<\/p>\n<p>Wenn Sie unsere Online-Services nutzen, erfragen wir von Ihnen bestimmte Angaben. F\u00fcr welche Zwecke und auf welcher Rechtsgrundlage die Daten jeweils erhoben werden, wird im Rahmen des Online-Formulars dargestellt. Die Daten werden nicht an Dritte weitergegeben.<\/p>\n<p>Soweit die Formulare Pflichtfelder enthalten, sind diese im Einzelfall gekennzeichnet und erl\u00e4utert.<\/p>\n<p>Die Daten werden f\u00fcr die Dauer von maximal drei Jahren gespeichert, es sei denn, gesetzliche Aufbewahrungsfristen oder die Erfordernisse der Verarbeitung sehen eine l\u00e4ngere Speicherdauer vor. Die Daten aus der Online-Meldung der Kontaktdaten des Datenschutzbeauftragten nach Art. 37 Abs. 7 DS-GVO werden f\u00fcr die Dauer der Benennung gespeichert.<\/p>\n<p>Sie haben das Recht, zu den in diesem Zusammenhang zu Ihrer Person gespeicherten Daten Auskunft zu verlangen (s.u.) sowie bei Vorliegen der Voraussetzungen das Recht zur Berichtigung und ggf. L\u00f6schung Ihrer Daten.<\/p>\n<p><strong>Verschl\u00fcsselung<br \/>\n<\/strong>Dieses Angebot unterst\u00fctzt eine Leitungsverschl\u00fcsselung per HTTPS\/TLS. Dadurch wird verhindert, dass bei der \u00dcbertragung Ihrer Daten im Internet diese durch Unbefugte zur Kenntnis genommen oder ver\u00e4ndert werden k\u00f6nnen. Bei Aufruf unseres Angebots \u00fcber das unverschl\u00fcsselte HTTP-Protokoll wird automatisch auf eine verschl\u00fcsselte Verbindung umgestellt.<\/p>\n<p><strong>Minderj\u00e4hrigenschutz<br \/>\n<\/strong>Kinder und Personen unter 18 Jahren sollten ohne Zustimmung der Eltern oder Erziehungsberechtigten keine personenbezogenen Daten an uns \u00fcbermitteln. Wir fordern keine personenbezogenen Daten von Minderj\u00e4hrigen an, sammeln diese nicht und geben sie nicht an Dritte weiter.<\/p>\n<p><strong>Auskunftsrecht<br \/>\n<\/strong><\/p>\n<p>Da wir nur im vorstehend geschilderten Umfang Daten von Ihnen und \u00fcber Sie erheben, liegen uns aus der Nutzung unseres Angebots nur dann Informationen zu Ihrer Person vor, wenn Sie sich \u00fcber die Online-Services an uns gewandt und dabei entsprechende Angaben gemacht haben. Auskunftsrechte hierzu k\u00f6nnen schriftlich oder per E-Mail uns gegen\u00fcber (siehe Impressum) geltend gemacht werden.<\/p>\n<h4>Recht auf Widerruf der datenschutzrechtlichen Einwilligungserkl\u00e4rung<\/h4>\n<p>Soweit die Verarbeitung Ihrer Daten auf Ihrer Einwilligung beruht, haben Sie nach Art. 7 Abs. 3 DS-GVO das Recht, diese jederzeit zu widerrufen. Durch den Widerruf wird die Rechtm\u00e4\u00dfigkeit der bis dahin erfolgten Verarbeitung nicht ber\u00fchrt. Einen Widerruf k\u00f6nnen Sie schriftlich, per E-Mail sowie gegebenenfalls im Rahmen des angebotenen Dienstes (Newsletter) erkl\u00e4ren.<\/p>\n<h4>Recht auf Berichtigung<\/h4>\n<p>Sofern Ihre Person betreffende Daten unrichtig sind, haben Sie das Recht, deren Berichtigung zu verlangen (Art. 16 DS-GVO).<\/p>\n<h4>Recht auf Einschr\u00e4nkung der Verarbeitung<\/h4>\n<p>Unter den Voraussetzungen des Art. 18 DS-GVO haben Sie das Recht, eine Einschr\u00e4nkung der Verarbeitung der Sie betreffenden Daten zu verlangen.<\/p>\n<h4>Recht auf L\u00f6schung<\/h4>\n<p>Unter den in Art. 17 DS-GVO genannten Voraussetzungen haben Sie das Recht, eine L\u00f6schung der Sie betreffenden personenbezogenen Daten zu verlangen. Dies ist z.B der Fall, wenn Sie eine erteilte Einwilligung widerrufen oder die Daten f\u00fcr die Zwecke, f\u00fcr die sie erhoben wurden nicht mehr erforderlich sind.<\/p>\n<h4>Beschwerde<\/h4>\n<p>Wenn Sie der Auffassung sind, dass die Verarbeitung Ihre Person betreffender Daten datenschutzrechtlichen Vorschriften widerspricht, haben Sie neben der M\u00f6glichkeit, unseren Datenschutzbeauftragten anzusprechen auch die M\u00f6glichkeit einer Beschwerde beim LfDI Rheinland-Pfalz als Aufsichtsbeh\u00f6rde.<\/p>\n","protected":false},"excerpt":{"rendered":"<p>Stand: 25. Mai 2018 Anbieter Dieses Internet-Angebot wird von dem gemeinn\u00fctzigen Verein Offener Kanal Bad Kreuznach e.V.\u00a0 \u2013\u00a0 Mannheimer Stra\u00dfe 82\u00a0 \u2013\u00a0 55545 Bad Kreuznach Telefon: 0671-4836767\u00a0 \u2013\u00a0 www.nahetv.de\u00a0 \u2013\u00a0\u00a0info [&hellip;]<\/p>\n","protected":false},"author":2,"featured_media":0,"parent":0,"menu_order":0,"comment_status":"closed","ping_status":"closed","template":"","meta":{"saved_in_kubio":false,"_EventAllDay":false,"_EventTimezone":"","_EventStartDate":"","_EventEndDate":"","_EventStartDateUTC":"","_EventEndDateUTC":"","_EventShowMap":false,"_EventShowMapLink":false,"_EventURL":"","_EventCost":"","_EventCostDescription":"","_EventCurrencySymbol":"","_EventCurrencyCode":"","_EventCurrencyPosition":"","_EventDateTimeSeparator":"","_EventTimeRangeSeparator":"","_EventOrganizerID":[],"_EventVenueID":[],"_OrganizerEmail":"","_OrganizerPhone":"","_OrganizerWebsite":"","_VenueAddress":"","_VenueCity":"","_VenueCountry":"","_VenueProvince":"","_VenueState":"","_VenueZip":"","_VenuePhone":"","_VenueURL":"","_VenueStateProvince":"","_VenueLat":"","_VenueLng":"","_VenueShowMap":false,"_VenueShowMapLink":false,"footnotes":""},"class_list":["post-13","page","type-page","status-publish","hentry"],"kubio_ai_page_context":{"short_desc":"","purpose":"general"},"_links":{"self":[{"href":"https:\/\/www.nahetv.de\/index.php?rest_route=\/wp\/v2\/pages\/13","targetHints":{"allow":["GET"]}}],"collection":[{"href":"https:\/\/www.nahetv.de\/index.php?rest_route=\/wp\/v2\/pages"}],"about":[{"href":"https:\/\/www.nahetv.de\/index.php?rest_route=\/wp\/v2\/types\/page"}],"author":[{"embeddable":true,"href":"https:\/\/www.nahetv.de\/index.php?rest_route=\/wp\/v2\/users\/2"}],"replies":[{"embeddable":true,"href":"https:\/\/www.nahetv.de\/index.php?rest_route=%2Fwp%2Fv2%2Fcomments&post=13"}],"version-history":[{"count":2,"href":"https:\/\/www.nahetv.de\/index.php?rest_route=\/wp\/v2\/pages\/13\/revisions"}],"predecessor-version":[{"id":4004,"href":"https:\/\/www.nahetv.de\/index.php?rest_route=\/wp\/v2\/pages\/13\/revisions\/4004"}],"wp:attachment":[{"href":"https:\/\/www.nahetv.de\/index.php?rest_route=%2Fwp%2Fv2%2Fmedia&parent=13"}],"curies":[{"name":"wp","href":"https:\/\/api.w.org\/{rel}","templated":true}]}}