{"id":11,"date":"2022-03-20T22:01:00","date_gmt":"2022-03-20T21:01:00","guid":{"rendered":"http:\/\/www.nahetv.de\/?page_id=11"},"modified":"2023-03-20T22:44:36","modified_gmt":"2023-03-20T21:44:36","slug":"impressum","status":"publish","type":"page","link":"https:\/\/www.nahetv.de\/?page_id=11","title":{"rendered":"Impressum"},"content":{"rendered":"<p><strong>naheTV | Studio Bad Kreuznach<\/strong><\/p>\n<p>Offener Kanal Bad Kreuznach e.V.<br \/>Mannheimer Stra\u00dfe 82<br \/>55545 Bad Kreuznach<\/p>\n<p>Telefon: 0671 \/ 4836767<\/p>\n<p>E-Mail: info@nahetv.de<br \/>Internet: www.nahetv.de<\/p>\n<p><strong>Gesch\u00e4ftsf\u00fchrer:<\/strong><br \/>..<\/p>\n<p><strong>Vertretungsberechtigter Vorstand:<\/strong><\/p>\n<p>Stefan Hoffmann<\/p>\n<p>Registergericht: Amtsgericht Bad Kreuznach<br \/>Registernummer: VR 2340<\/p>\n<p><strong>Inhaltlich Verantwortlicher gem\u00e4\u00df \u00a7 55 Abs. 2 RStV:<\/strong><br \/>Stefan Hoffmann\u00a0(Anschrift wie oben)<br \/>Telefon: 0176-77173840<br \/>E-Mail: <a href=\"mailto:s.hoffmann@nahetv.de\">s.hoffmann@nahetv.de<\/a><\/p>\n<p><strong>Datenschutzbeauftragter<\/strong><br \/>Die Kontaktdaten unseres Datenschutzbeauftragten lauten:<br \/>datenschutz-oktv@medienanstalt-rlp.de<br \/>Tel. +49 621 5202 \u2013 292<\/p>\n<p>Zust\u00e4ndige Aufsichtsbeh\u00f6rde (nur Programmverbreitung im Kabelfernsehnetz):<\/p>\n<p>Medienanstalt Rheinland-Pfalz<\/p>\n<p>Turmstra\u00dfe 10 <br \/>67059 Ludwigshafen<\/p>\n<p>Telefon: +49 621 5202-0<\/p>\n<p>E-Mail: mail@medienanstalt-rlp.de<br \/>Internet: https:\/\/medienanstalt-rlp.de\/<\/p>\n<p>Rechtliche Hinweise zur Haftung<br \/>Trotz sorgf\u00e4ltiger inhaltlicher Kontrolle \u00fcbernehmen wir keine Haftung f\u00fcr die Inhalte externer Links.<br \/>F\u00fcr den Inhalt der verlinkten Seiten sind ausschlie\u00dflich deren Betreiber verantwortlich.<\/p>\n<p>Schutz personenbezogener Daten nach dem Bundesdatenschutzgesetz (BDSG):<\/p>\n<p>Nach Paragraph 14 Abs. 2 Satz 2, 4 Abs. 2 Bundesdatenschutzgesetz (BDSG) wird jedwede momentane und zuk\u00fcnftige Speicherung personenbezogener Daten (E-Mail-Adressen) ohne vorherige ausdr\u00fcckliche schriftliche Genehmigung untersagt.<\/p>\n<p>Nach Paragraph 28 Absatz 3 Bundesdatenschutzgesetz (BDSG) wird hiermit die Verwendung von pers\u00f6nlichen Daten dieser Webseite (wie E-Mail-Adressen) zu Werbezwecken sowie zur Markt- und Meinungsforschung ausdr\u00fccklich untersagt.<\/p>\n<p>Alle abgebildeten kreativen Arbeiten und Produkte sind (soweit nicht anders gekennzeichnet) das geistige Eigentum vom Offenen Kanal Bad Kreuznach e.V. und gem\u00e4\u00df den entsprechenden \u00a7\u00a7 des UhrG gesch\u00fctzt. Kopien (ganz oder teilweise), Nachahmungen, private oder kommerzielle Weiterverwendung sowie Verarbeitung sind ohne vorherige schriftliche Zustimmung untersagt. Alle Elemente dieser Internet-Pr\u00e4senz sind urheberrechtlich gesch\u00fctzt (gem\u00e4\u00df den entsprechenden \u00a7\u00a7 des UhrG). Jegliche Weiterverwendung oder Nachahmung und Kopie sind ohne vorherige Genehmigung des Autors \/ Webmasters untersagt.<\/p>\n\n\n<p><\/p>\n","protected":false},"excerpt":{"rendered":"<p>naheTV | Studio Bad Kreuznach Offener Kanal Bad Kreuznach e.V.Mannheimer Stra\u00dfe 8255545 Bad Kreuznach Telefon: 0671 \/ 4836767 E-Mail: info@nahetv.deInternet: www.nahetv.de Gesch\u00e4ftsf\u00fchrer:.. Vertretungsberechtigter Vorstand: Stefan Hoffmann Registergericht: Amtsgericht Bad KreuznachRegisternummer: [&hellip;]<\/p>\n","protected":false},"author":2,"featured_media":0,"parent":0,"menu_order":0,"comment_status":"closed","ping_status":"closed","template":"","meta":{"saved_in_kubio":false,"_EventAllDay":false,"_EventTimezone":"","_EventStartDate":"","_EventEndDate":"","_EventStartDateUTC":"","_EventEndDateUTC":"","_EventShowMap":false,"_EventShowMapLink":false,"_EventURL":"","_EventCost":"","_EventCostDescription":"","_EventCurrencySymbol":"","_EventCurrencyCode":"","_EventCurrencyPosition":"","_EventDateTimeSeparator":"","_EventTimeRangeSeparator":"","_EventOrganizerID":[],"_EventVenueID":[],"_OrganizerEmail":"","_OrganizerPhone":"","_OrganizerWebsite":"","_VenueAddress":"","_VenueCity":"","_VenueCountry":"","_VenueProvince":"","_VenueState":"","_VenueZip":"","_VenuePhone":"","_VenueURL":"","_VenueStateProvince":"","_VenueLat":"","_VenueLng":"","_VenueShowMap":false,"_VenueShowMapLink":false,"footnotes":""},"class_list":["post-11","page","type-page","status-publish","hentry"],"kubio_ai_page_context":{"short_desc":"","purpose":"general"},"_links":{"self":[{"href":"https:\/\/www.nahetv.de\/index.php?rest_route=\/wp\/v2\/pages\/11","targetHints":{"allow":["GET"]}}],"collection":[{"href":"https:\/\/www.nahetv.de\/index.php?rest_route=\/wp\/v2\/pages"}],"about":[{"href":"https:\/\/www.nahetv.de\/index.php?rest_route=\/wp\/v2\/types\/page"}],"author":[{"embeddable":true,"href":"https:\/\/www.nahetv.de\/index.php?rest_route=\/wp\/v2\/users\/2"}],"replies":[{"embeddable":true,"href":"https:\/\/www.nahetv.de\/index.php?rest_route=%2Fwp%2Fv2%2Fcomments&post=11"}],"version-history":[{"count":14,"href":"https:\/\/www.nahetv.de\/index.php?rest_route=\/wp\/v2\/pages\/11\/revisions"}],"predecessor-version":[{"id":4431,"href":"https:\/\/www.nahetv.de\/index.php?rest_route=\/wp\/v2\/pages\/11\/revisions\/4431"}],"wp:attachment":[{"href":"https:\/\/www.nahetv.de\/index.php?rest_route=%2Fwp%2Fv2%2Fmedia&parent=11"}],"curies":[{"name":"wp","href":"https:\/\/api.w.org\/{rel}","templated":true}]}}